{"id":9110,"date":"2019-07-26T12:33:18","date_gmt":"2019-07-26T10:33:18","guid":{"rendered":"http:\/\/maisongersdorff.com\/?page_id=9110\/"},"modified":"2019-07-26T12:33:18","modified_gmt":"2019-07-26T10:33:18","slug":"mentions-legales","status":"publish","type":"page","link":"https:\/\/maisongersdorff.com\/fr\/mentions-legales\/","title":{"rendered":"Mentions L\u00e9gales"},"content":{"rendered":"<p>Essentiel Group SA                      <\/p>\n<p>Numero d&rsquo;entreprise BE 0860.930.923<\/p>\n<p>Forme l\u00e9gale : SA<br \/>\nAdresse si\u00e8ge social : All\u00e9e de menton 26 5000 NAMUR<\/p>\n<p>Contact : camille@maisongersdorff.com<\/p>\n<p>081\/58.88.88<\/p>\n","protected":false},"excerpt":{"rendered":"<p>Essentiel Group SA Numero d&rsquo;entreprise BE 0860.930.923 Forme l\u00e9gale : SA Adresse si\u00e8ge social : All\u00e9e de menton 26 5000 NAMUR Contact : camille@maisongersdorff.com 081\/58.88.88<\/p>\n","protected":false},"author":3,"featured_media":0,"parent":0,"menu_order":0,"comment_status":"closed","ping_status":"closed","template":"","meta":{"footnotes":""},"class_list":["post-9110","page","type-page","status-publish","hentry"],"_links":{"self":[{"href":"https:\/\/maisongersdorff.com\/fr\/wp-json\/wp\/v2\/pages\/9110","targetHints":{"allow":["GET"]}}],"collection":[{"href":"https:\/\/maisongersdorff.com\/fr\/wp-json\/wp\/v2\/pages"}],"about":[{"href":"https:\/\/maisongersdorff.com\/fr\/wp-json\/wp\/v2\/types\/page"}],"author":[{"embeddable":true,"href":"https:\/\/maisongersdorff.com\/fr\/wp-json\/wp\/v2\/users\/3"}],"replies":[{"embeddable":true,"href":"https:\/\/maisongersdorff.com\/fr\/wp-json\/wp\/v2\/comments?post=9110"}],"version-history":[{"count":1,"href":"https:\/\/maisongersdorff.com\/fr\/wp-json\/wp\/v2\/pages\/9110\/revisions"}],"predecessor-version":[{"id":9111,"href":"https:\/\/maisongersdorff.com\/fr\/wp-json\/wp\/v2\/pages\/9110\/revisions\/9111"}],"wp:attachment":[{"href":"https:\/\/maisongersdorff.com\/fr\/wp-json\/wp\/v2\/media?parent=9110"}],"curies":[{"name":"wp","href":"https:\/\/api.w.org\/{rel}","templated":true}]}}