{"id":9057,"date":"2019-06-11T14:37:02","date_gmt":"2019-06-11T12:37:02","guid":{"rendered":"http:\/\/maisongersdorff.com\/?page_id=9057\/"},"modified":"2019-06-15T10:15:00","modified_gmt":"2019-06-15T08:15:00","slug":"les-tilleuls-etretat","status":"publish","type":"page","link":"https:\/\/maisongersdorff.com\/fr\/les-tilleuls-etretat\/","title":{"rendered":"Les Tilleuls Etretat"},"content":{"rendered":"<p>[vc_row content_width=\u00a0\u00bbgrid\u00a0\u00bb css=\u00a0\u00bb.vc_custom_1497604208393{padding-top: 95px !important;padding-bottom: 65px !important;background-image: url(http:\/\/maisongersdorff.com\/wp-content\/uploads\/2016\/10\/back04-2.jpg?id=8146) !important;}\u00a0\u00bb][vc_column offset=\u00a0\u00bbvc_col-md-6&Prime;][vc_empty_space height=\u00a0\u00bb30px\u00a0\u00bb][vc_gallery type=\u00a0\u00bbimage_grid\u00a0\u00bb images=\u00a0\u00bb9082,9074,9075,9076,9081,9080,9079,9078,9077&Prime;][\/vc_column][vc_column offset=\u00a0\u00bbvc_col-md-6&Prime;]<div class=\"eltd-section-title-outer-holder\" style=\"text-align: center\">\n\n\t\n\t\t\t<div class=\"eltd-section-title-title-holder\">\n\t\t\t\t<h2 class=\"eltd-section-title\" style=\"font-family: Open Sans;font-size: 30px;color: #5e5e5e;font-weight: 200;line-height: 72px;;;\">\n\t\t\t\tLES TILLEULS ETRETAT\t\t\t\t<\/h2>\n\t\t<\/div>\n\t\n<\/div>[vc_empty_space height=\u00a0\u00bb3px\u00a0\u00bb][vc_column_text]<\/p>\n<div class=\"six columns\">\n<div class=\"gdlr-item gdlr-content-item\">\n<div class=\"page\" title=\"Page 1\">\n<div class=\"section\">\n<div class=\"layoutArea\">\n<div class=\"column\">\n<div class=\"page\" title=\"Page 1\">\n<div class=\"section\">\n<div class=\"layoutArea\">\n<div class=\"column\">\n<p>Les Tilleuls est un h\u00f4tel particulier de 1738 dans une maison bourgeoise du Second Empire. Ce lieu privil\u00e9gi\u00e9 est situ\u00e9e dans un nid de verdure en plein c\u0153ur d\u2019Etretat \u00e0 300 m\u00e8tresdes falaises.<\/p>\n<p>Toute la d\u00e9coration et tous les meubles de la maison ont \u00e9t\u00e9 chin\u00e9 partout dans le monde cr\u00e9ant une atmosph\u00e8re unique et \u00e9l\u00e9gante o\u00f9 les styles et les \u00e9poques s\u2019agencent \u00e0 laperfection.<\/p>\n<p>Le jardin s\u2019ouvre sur une all\u00e9e de tilleuls et toutes les pi\u00e8ces du rez-de-chauss\u00e9e donnent sur une terrasse ensoleill\u00e9e o\u00f9 l\u2019on fl\u00e2nerait bien toute la journ\u00e9e.<\/p>\n<p>La Maison Gersdorff, r\u00e9invente les lieux pour qu\u2019ils restent hors du temps et surtout dans l\u2019air du temps.<\/p>\n<\/div>\n<\/div>\n<\/div>\n<\/div>\n<\/div>\n<\/div>\n<\/div>\n<\/div>\n<\/div>\n<\/div>\n<p>&nbsp;<\/p>\n<p style=\"text-align: center;\"><strong><a href=\"http:\/\/www.lestilleulsetretat.com\" target=\"_blank\" rel=\"noopener noreferrer\">www.lestilleulsetretat.com<\/a><\/strong><\/p>\n<p>[\/vc_column_text][\/vc_column][\/vc_row]<\/p>\n","protected":false},"excerpt":{"rendered":"<p>[vc_row content_width=\u00a0\u00bbgrid\u00a0\u00bb css=\u00a0\u00bb.vc_custom_1497604208393{padding-top: 95px !important;padding-bottom: 65px !important;background-image: url(http:\/\/maisongersdorff.com\/wp-content\/uploads\/2016\/10\/back04-2.jpg?id=8146) !important;}\u00a0\u00bb][vc_column offset=\u00a0\u00bbvc_col-md-6&Prime;][vc_empty_space height=\u00a0\u00bb30px\u00a0\u00bb][vc_gallery type=\u00a0\u00bbimage_grid\u00a0\u00bb images=\u00a0\u00bb9082,9074,9075,9076,9081,9080,9079,9078,9077&Prime;][\/vc_column][vc_column offset=\u00a0\u00bbvc_col-md-6&Prime;][vc_empty_space height=\u00a0\u00bb3px\u00a0\u00bb][vc_column_text] Les Tilleuls est un h\u00f4tel particulier de 1738 dans une maison bourgeoise du Second Empire. Ce lieu privil\u00e9gi\u00e9 est situ\u00e9e dans un nid de verdure en plein c\u0153ur d\u2019Etretat \u00e0&#8230;<\/p>\n","protected":false},"author":3,"featured_media":0,"parent":0,"menu_order":0,"comment_status":"closed","ping_status":"closed","template":"full-width.php","meta":{"footnotes":""},"class_list":["post-9057","page","type-page","status-publish","hentry"],"_links":{"self":[{"href":"https:\/\/maisongersdorff.com\/fr\/wp-json\/wp\/v2\/pages\/9057","targetHints":{"allow":["GET"]}}],"collection":[{"href":"https:\/\/maisongersdorff.com\/fr\/wp-json\/wp\/v2\/pages"}],"about":[{"href":"https:\/\/maisongersdorff.com\/fr\/wp-json\/wp\/v2\/types\/page"}],"author":[{"embeddable":true,"href":"https:\/\/maisongersdorff.com\/fr\/wp-json\/wp\/v2\/users\/3"}],"replies":[{"embeddable":true,"href":"https:\/\/maisongersdorff.com\/fr\/wp-json\/wp\/v2\/comments?post=9057"}],"version-history":[{"count":5,"href":"https:\/\/maisongersdorff.com\/fr\/wp-json\/wp\/v2\/pages\/9057\/revisions"}],"predecessor-version":[{"id":9085,"href":"https:\/\/maisongersdorff.com\/fr\/wp-json\/wp\/v2\/pages\/9057\/revisions\/9085"}],"wp:attachment":[{"href":"https:\/\/maisongersdorff.com\/fr\/wp-json\/wp\/v2\/media?parent=9057"}],"curies":[{"name":"wp","href":"https:\/\/api.w.org\/{rel}","templated":true}]}}