{"id":8799,"date":"2018-09-13T15:37:41","date_gmt":"2018-09-13T13:37:41","guid":{"rendered":"http:\/\/maisongersdorff.com\/?page_id=8799\/"},"modified":"2019-11-15T17:29:42","modified_gmt":"2019-11-15T16:29:42","slug":"ne5t-hotel-namur","status":"publish","type":"page","link":"https:\/\/maisongersdorff.com\/fr\/ne5t-hotel-namur\/","title":{"rendered":"NE5T"},"content":{"rendered":"<p>[vc_row content_width=\u00a0\u00bbgrid\u00a0\u00bb css=\u00a0\u00bb.vc_custom_1497604002267{padding-top: 95px !important;padding-bottom: 65px !important;background-image: url(http:\/\/maisongersdorff.com\/wp-content\/uploads\/2016\/10\/back04-2.jpg?id=8146) !important;}\u00a0\u00bb][vc_column offset=\u00a0\u00bbvc_col-md-6&Prime;][vc_empty_space height=\u00a0\u00bb30px\u00a0\u00bb][vc_gallery type=\u00a0\u00bbimage_grid\u00a0\u00bb images=\u00a0\u00bb8201,8202,8203,8204,8206,8208,8209,8210,8211&Prime;][\/vc_column][vc_column offset=\u00a0\u00bbvc_col-md-6&Prime;]<div class=\"eltd-section-title-outer-holder\" style=\"text-align: center\">\n\n\t\n\t\t\t<div class=\"eltd-section-title-title-holder\">\n\t\t\t\t<h2 class=\"eltd-section-title\" style=\"font-family: Open Sans;font-size: 30px;color: #5e5e5e;font-weight: 200;line-height: 72px;;;\">\n\t\t\t\tNE5T Hotel &amp; Spa\t\t\t\t<\/h2>\n\t\t<\/div>\n\t\n<\/div>[vc_empty_space height=\u00a0\u00bb3px\u00a0\u00bb][vc_column_text]<span style=\"font-size: 11.5pt; font-family: Helvetica; color: #989898;\">Situ\u00e9 loin\u00a0des regards indiscrets dans le quartier r\u00e9sidentiel de l&rsquo;imposante citadelle de Namur, l&rsquo;h\u00f4tel NE5T abrite 4 suites et 2 duplex dans des styles totalement diff\u00e9rents, du plus contemporain au plus rustique.<\/span><\/p>\n<p><span style=\"font-family: Georgia; color: #333333;\"><span style=\"font-size: 11.5pt; font-family: Helvetica; color: #989898;\">L&rsquo;h\u00f4tel NE5T vous accueille dans un endroit paisible, d\u00e9di\u00e9 \u00e0 la d\u00e9tente gr\u00e2ce \u00e0 notre WellNE5T.C&rsquo;est aussi un site id\u00e9al pour les r\u00e9unions d&rsquo;affaires et les conf\u00e9rences avec un restaurant priv\u00e9 dans notre\u00a0LinkNE5T.<\/span><\/span><\/p>\n<p><a href=\"http:\/\/www.ne5t.com\" target=\"_blank\" rel=\"noopener noreferrer\"><strong>www.ne5t.com<\/strong><\/a>[\/vc_column_text][\/vc_column][\/vc_row]<\/p>\n","protected":false},"excerpt":{"rendered":"<p>[vc_row content_width=\u00a0\u00bbgrid\u00a0\u00bb css=\u00a0\u00bb.vc_custom_1497604002267{padding-top: 95px !important;padding-bottom: 65px !important;background-image: url(http:\/\/maisongersdorff.com\/wp-content\/uploads\/2016\/10\/back04-2.jpg?id=8146) !important;}\u00a0\u00bb][vc_column offset=\u00a0\u00bbvc_col-md-6&Prime;][vc_empty_space height=\u00a0\u00bb30px\u00a0\u00bb][vc_gallery type=\u00a0\u00bbimage_grid\u00a0\u00bb images=\u00a0\u00bb8201,8202,8203,8204,8206,8208,8209,8210,8211&Prime;][\/vc_column][vc_column offset=\u00a0\u00bbvc_col-md-6&Prime;][vc_empty_space height=\u00a0\u00bb3px\u00a0\u00bb][vc_column_text]Situ\u00e9 loin\u00a0des regards indiscrets dans le quartier r\u00e9sidentiel de l&rsquo;imposante citadelle de Namur, l&rsquo;h\u00f4tel NE5T abrite 4 suites et 2 duplex dans des styles totalement diff\u00e9rents, du plus contemporain au plus&#8230;<\/p>\n","protected":false},"author":2,"featured_media":0,"parent":0,"menu_order":0,"comment_status":"closed","ping_status":"closed","template":"full-width.php","meta":{"footnotes":""},"class_list":["post-8799","page","type-page","status-publish","hentry"],"_links":{"self":[{"href":"https:\/\/maisongersdorff.com\/fr\/wp-json\/wp\/v2\/pages\/8799","targetHints":{"allow":["GET"]}}],"collection":[{"href":"https:\/\/maisongersdorff.com\/fr\/wp-json\/wp\/v2\/pages"}],"about":[{"href":"https:\/\/maisongersdorff.com\/fr\/wp-json\/wp\/v2\/types\/page"}],"author":[{"embeddable":true,"href":"https:\/\/maisongersdorff.com\/fr\/wp-json\/wp\/v2\/users\/2"}],"replies":[{"embeddable":true,"href":"https:\/\/maisongersdorff.com\/fr\/wp-json\/wp\/v2\/comments?post=8799"}],"version-history":[{"count":1,"href":"https:\/\/maisongersdorff.com\/fr\/wp-json\/wp\/v2\/pages\/8799\/revisions"}],"predecessor-version":[{"id":8851,"href":"https:\/\/maisongersdorff.com\/fr\/wp-json\/wp\/v2\/pages\/8799\/revisions\/8851"}],"wp:attachment":[{"href":"https:\/\/maisongersdorff.com\/fr\/wp-json\/wp\/v2\/media?parent=8799"}],"curies":[{"name":"wp","href":"https:\/\/api.w.org\/{rel}","templated":true}]}}