{"id":8333,"date":"2017-06-28T11:36:51","date_gmt":"2017-06-28T09:36:51","guid":{"rendered":"http:\/\/maisongersdorff.com\/?page_id=8333"},"modified":"2021-04-28T10:14:27","modified_gmt":"2021-04-28T08:14:27","slug":"maison-gersdorff-fondation","status":"publish","type":"page","link":"https:\/\/maisongersdorff.com\/fr\/maison-gersdorff-fondation\/","title":{"rendered":"Maison Gersdorff Fondation"},"content":{"rendered":"<p>[vc_row][vc_column][vc_empty_space height=\u00a0\u00bb120px\u00a0\u00bb][\/vc_column][\/vc_row][vc_row content_width=\u00a0\u00bbgrid\u00a0\u00bb][vc_column width=\u00a0\u00bb1\/2&Prime;][vc_empty_space height=\u00a0\u00bb90px\u00a0\u00bb][vc_gallery type=\u00a0\u00bbimage_grid\u00a0\u00bb images=\u00a0\u00bb8608,8754,9010,9011,9012,9013,9014,8601,9015&Prime;][\/vc_column][vc_column width=\u00a0\u00bb1\/2&Prime;]<div class=\"eltd-section-title-outer-holder\" style=\"text-align: center\">\n\n\t\n\t\t\t<div class=\"eltd-section-title-title-holder\">\n\t\t\t\t<h2 class=\"eltd-section-title\" style=\"font-family: Open Sans;font-size: 30px;color: #5e5e5e;font-weight: 200;line-height: 72px;;;\">\n\t\t\t\tMAISON GERSDORFF FONDATION\t\t\t\t<\/h2>\n\t\t<\/div>\n\t\n<\/div>[vc_empty_space height=\u00a0\u00bb3px\u00a0\u00bb][vc_column_text]La Fondation Maison Gersdorff est une fondation priv\u00e9e dont l&rsquo;objectif est d&rsquo;identifier, de d\u00e9velopper, de produire et de diffuser des solutions qui r\u00e9pondent aux d\u00e9fis de l&rsquo;industrie agroalimentaire d&rsquo;aujourd&rsquo;hui et de demain.<\/p>\n<p>Plus sp\u00e9cifiquement, la fondation se concentrera sur trois axes principaux:<\/p>\n<ul>\n<li>Alimentation durable: permaculture, aquaponie, culture hydroponique, serres informatis\u00e9es, utilisation d&rsquo;\u00e9nergies renouvelables ou locales pour une production alimentaire responsable et accessible pour tous.<\/li>\n<li>Education: partenariats avec des \u00e9coles locales, des scientifiques, des r\u00e9seaux d&rsquo;entrepreneuriat social et des start-ups pour cr\u00e9er un environnement didactique et interactif adapt\u00e9 \u00e0 tous les \u00e2ges afin de pr\u00e9senter diff\u00e9rentes solutions possibles et rentables aux d\u00e9rives agro-industrielles.<\/li>\n<li>Insertion socioprofessionnelle: favoriser l&rsquo;insertion professionnelle des jeunes et moins jeunes de tous les milieux par une formation pratique et th\u00e9orique dans diff\u00e9rents domaines d&#8217;emploi (utilisation de la girafe namuroise, cuisine, h\u00f4tellerie).<\/li>\n<\/ul>\n<p><a href=\"http:\/\/www.girafenamuroise.org\">http:\/\/www.girafenamuroise.org<\/a>[\/vc_column_text][vc_empty_space height=\u00a0\u00bb22px\u00a0\u00bb][\/vc_column][\/vc_row]<\/p>\n","protected":false},"excerpt":{"rendered":"<p>[vc_row][vc_column][vc_empty_space height=\u00a0\u00bb120px\u00a0\u00bb][\/vc_column][\/vc_row][vc_row content_width=\u00a0\u00bbgrid\u00a0\u00bb][vc_column width=\u00a0\u00bb1\/2&Prime;][vc_empty_space height=\u00a0\u00bb90px\u00a0\u00bb][vc_gallery type=\u00a0\u00bbimage_grid\u00a0\u00bb images=\u00a0\u00bb8608,8754,9010,9011,9012,9013,9014,8601,9015&Prime;][\/vc_column][vc_column width=\u00a0\u00bb1\/2&Prime;][vc_empty_space height=\u00a0\u00bb3px\u00a0\u00bb][vc_column_text]La Fondation Maison Gersdorff est une fondation priv\u00e9e dont l&rsquo;objectif est d&rsquo;identifier, de d\u00e9velopper, de produire et de diffuser des solutions qui r\u00e9pondent aux d\u00e9fis de l&rsquo;industrie agroalimentaire d&rsquo;aujourd&rsquo;hui et de demain. Plus sp\u00e9cifiquement, la fondation se&#8230;<\/p>\n","protected":false},"author":1,"featured_media":0,"parent":0,"menu_order":0,"comment_status":"closed","ping_status":"closed","template":"full-width.php","meta":{"footnotes":""},"class_list":["post-8333","page","type-page","status-publish","hentry"],"_links":{"self":[{"href":"https:\/\/maisongersdorff.com\/fr\/wp-json\/wp\/v2\/pages\/8333","targetHints":{"allow":["GET"]}}],"collection":[{"href":"https:\/\/maisongersdorff.com\/fr\/wp-json\/wp\/v2\/pages"}],"about":[{"href":"https:\/\/maisongersdorff.com\/fr\/wp-json\/wp\/v2\/types\/page"}],"author":[{"embeddable":true,"href":"https:\/\/maisongersdorff.com\/fr\/wp-json\/wp\/v2\/users\/1"}],"replies":[{"embeddable":true,"href":"https:\/\/maisongersdorff.com\/fr\/wp-json\/wp\/v2\/comments?post=8333"}],"version-history":[{"count":21,"href":"https:\/\/maisongersdorff.com\/fr\/wp-json\/wp\/v2\/pages\/8333\/revisions"}],"predecessor-version":[{"id":9551,"href":"https:\/\/maisongersdorff.com\/fr\/wp-json\/wp\/v2\/pages\/8333\/revisions\/9551"}],"wp:attachment":[{"href":"https:\/\/maisongersdorff.com\/fr\/wp-json\/wp\/v2\/media?parent=8333"}],"curies":[{"name":"wp","href":"https:\/\/api.w.org\/{rel}","templated":true}]}}