{"id":8325,"date":"2017-06-28T11:31:57","date_gmt":"2017-06-28T09:31:57","guid":{"rendered":"http:\/\/maisongersdorff.com\/?page_id=8325"},"modified":"2018-09-13T15:42:46","modified_gmt":"2018-09-13T13:42:46","slug":"projetdo","status":"publish","type":"page","link":"https:\/\/maisongersdorff.com\/fr\/projetdo\/","title":{"rendered":"Projet d&rsquo;O"},"content":{"rendered":"<p>[vc_row content_width=\u00a0\u00bbgrid\u00a0\u00bb css=\u00a0\u00bb.vc_custom_1497603168466{padding-top: 95px !important;padding-bottom: 65px !important;background-image: url(http:\/\/maisongersdorff.com\/wp-content\/uploads\/2016\/10\/back04-2.jpg?id=8146) !important;}\u00a0\u00bb][vc_column offset=\u00a0\u00bbvc_col-md-6&Prime;][vc_empty_space height=\u00a0\u00bb30px\u00a0\u00bb][vc_gallery type=\u00a0\u00bbimage_grid\u00a0\u00bb images=\u00a0\u00bb8654,8652,8688,8687,8686,8685,8684,8683,8682&Prime;][\/vc_column][vc_column offset=\u00a0\u00bbvc_col-md-6&Prime;]<div class=\"eltd-section-title-outer-holder\" style=\"text-align: center\">\n\n\t\n\t\t\t<div class=\"eltd-section-title-title-holder\">\n\t\t\t\t<h2 class=\"eltd-section-title\" style=\"font-family: Open Sans;font-size: 30px;color: #333333;font-weight: 200;line-height: 72px;;;\">\n\t\t\t\tPROJET D&#039;O\t\t\t\t<\/h2>\n\t\t<\/div>\n\t\n<\/div>[vc_empty_space height=\u00a0\u00bb3px\u00a0\u00bb][vc_column_text]Pr\u00e9sent\u00e9 lors du salon du MIPIM de Cannes en Mars 2017, <strong>le Projet d&rsquo;O<\/strong> est plus qu&rsquo;un simple projet immobilier, il aborde les in\u00e9vitables probl\u00e9matiques environnementales de ce si\u00e8cle.<\/p>\n<p>\u00abProjet D&rsquo;O\u00bb suit une logique durable avec deux \u00e9co-maisons sur l&rsquo;\u00e9ducation \u00e0 l\u2019agriculture urbaine. Le b\u00e2timent est con\u00e7u pour \u00eatre autonome, et comprend un restaurant gastronomique, un caf\u00e9 urbain, un bar sur le toit, des salles de r\u00e9union, ainsi qu\u2019une boutique.<\/p>\n<p>Le projet propose \u00e9galement un h\u00f4tel flottant avec 12 catamarans. L&rsquo;h\u00f4tel flottant est sans doute la partie la plus innovante de ce projet. Le principe de la \u00abhouseboat\u00bb est d\u00e9j\u00e0 appr\u00e9ci\u00e9 aux \u00c9tats-Unis et en Europe du Nord, mais encore relativement inconnu en Europe occidentale. Les suites, ind\u00e9pendantes les unes des autres, sont souvent construites sur la base d&rsquo;une coque de catamaran avec des mat\u00e9riaux composites ou en aluminium qui r\u00e9duisent l&rsquo;impact \u00e9cologique. Chacune de ces chambres-catamaran innovantes utilise des \u00e9nergies renouvelables, et peut \u00e9galement naviguer, donnant aux clients la libert\u00e9 de choisir l&rsquo;endroit id\u00e9al pour le petit d\u00e9jeuner, ou simplement pour se d\u00e9tendre.[\/vc_column_text][\/vc_column][\/vc_row][vc_row][vc_column][\/vc_column][\/vc_row]<\/p>\n","protected":false},"excerpt":{"rendered":"<p>[vc_row content_width=\u00a0\u00bbgrid\u00a0\u00bb css=\u00a0\u00bb.vc_custom_1497603168466{padding-top: 95px !important;padding-bottom: 65px !important;background-image: url(http:\/\/maisongersdorff.com\/wp-content\/uploads\/2016\/10\/back04-2.jpg?id=8146) !important;}\u00a0\u00bb][vc_column offset=\u00a0\u00bbvc_col-md-6&Prime;][vc_empty_space height=\u00a0\u00bb30px\u00a0\u00bb][vc_gallery type=\u00a0\u00bbimage_grid\u00a0\u00bb images=\u00a0\u00bb8654,8652,8688,8687,8686,8685,8684,8683,8682&Prime;][\/vc_column][vc_column offset=\u00a0\u00bbvc_col-md-6&Prime;][vc_empty_space height=\u00a0\u00bb3px\u00a0\u00bb][vc_column_text]Pr\u00e9sent\u00e9 lors du salon du MIPIM de Cannes en Mars 2017, le Projet d&rsquo;O est plus qu&rsquo;un simple projet immobilier, il aborde les in\u00e9vitables probl\u00e9matiques environnementales de ce si\u00e8cle. \u00abProjet D&rsquo;O\u00bb&#8230;<\/p>\n","protected":false},"author":1,"featured_media":0,"parent":0,"menu_order":0,"comment_status":"closed","ping_status":"closed","template":"full-width.php","meta":{"footnotes":""},"class_list":["post-8325","page","type-page","status-publish","hentry"],"_links":{"self":[{"href":"https:\/\/maisongersdorff.com\/fr\/wp-json\/wp\/v2\/pages\/8325","targetHints":{"allow":["GET"]}}],"collection":[{"href":"https:\/\/maisongersdorff.com\/fr\/wp-json\/wp\/v2\/pages"}],"about":[{"href":"https:\/\/maisongersdorff.com\/fr\/wp-json\/wp\/v2\/types\/page"}],"author":[{"embeddable":true,"href":"https:\/\/maisongersdorff.com\/fr\/wp-json\/wp\/v2\/users\/1"}],"replies":[{"embeddable":true,"href":"https:\/\/maisongersdorff.com\/fr\/wp-json\/wp\/v2\/comments?post=8325"}],"version-history":[{"count":12,"href":"https:\/\/maisongersdorff.com\/fr\/wp-json\/wp\/v2\/pages\/8325\/revisions"}],"predecessor-version":[{"id":8852,"href":"https:\/\/maisongersdorff.com\/fr\/wp-json\/wp\/v2\/pages\/8325\/revisions\/8852"}],"wp:attachment":[{"href":"https:\/\/maisongersdorff.com\/fr\/wp-json\/wp\/v2\/media?parent=8325"}],"curies":[{"name":"wp","href":"https:\/\/api.w.org\/{rel}","templated":true}]}}